{"id":7,"date":"2020-03-04T12:44:03","date_gmt":"2020-03-04T12:44:03","guid":{"rendered":"https:\/\/test.wernersiebert.de\/?page_id=7"},"modified":"2026-04-08T09:26:17","modified_gmt":"2026-04-08T08:26:17","slug":"bio","status":"publish","type":"page","link":"https:\/\/www.wernersiebert.de\/?page_id=7","title":{"rendered":"Himself"},"content":{"rendered":"\t\t<div data-elementor-type=\"wp-page\" data-elementor-id=\"7\" class=\"elementor elementor-7\">\n\t\t\t\t\t\t<section class=\"elementor-section elementor-top-section elementor-element elementor-element-44f284b8 elementor-section-boxed elementor-section-height-default elementor-section-height-default\" data-id=\"44f284b8\" data-element_type=\"section\" data-e-type=\"section\">\n\t\t\t\t\t\t<div class=\"elementor-container elementor-column-gap-default\">\n\t\t\t\t\t<div class=\"elementor-column elementor-col-100 elementor-top-column elementor-element elementor-element-5ebdf0ce\" data-id=\"5ebdf0ce\" data-element_type=\"column\" data-e-type=\"column\">\n\t\t\t<div class=\"elementor-widget-wrap elementor-element-populated\">\n\t\t\t\t\t\t\t<\/div>\n\t\t<\/div>\n\t\t\t\t\t<\/div>\n\t\t<\/section>\n\t\t\t\t<section class=\"elementor-section elementor-top-section elementor-element elementor-element-403fc53 elementor-section-boxed elementor-section-height-default elementor-section-height-default\" data-id=\"403fc53\" data-element_type=\"section\" data-e-type=\"section\">\n\t\t\t\t\t\t<div class=\"elementor-container elementor-column-gap-default\">\n\t\t\t\t\t<div class=\"elementor-column elementor-col-100 elementor-top-column elementor-element elementor-element-4e859fa\" data-id=\"4e859fa\" data-element_type=\"column\" data-e-type=\"column\">\n\t\t\t<div class=\"elementor-widget-wrap elementor-element-populated\">\n\t\t\t\t\t\t<section class=\"elementor-section elementor-inner-section elementor-element elementor-element-6b974b8 elementor-section-boxed elementor-section-height-default elementor-section-height-default\" data-id=\"6b974b8\" data-element_type=\"section\" data-e-type=\"section\">\n\t\t\t\t\t\t<div class=\"elementor-container elementor-column-gap-wide\">\n\t\t\t\t\t<div class=\"elementor-column elementor-col-50 elementor-inner-column elementor-element elementor-element-f3700b9\" data-id=\"f3700b9\" data-element_type=\"column\" data-e-type=\"column\">\n\t\t\t<div class=\"elementor-widget-wrap elementor-element-populated\">\n\t\t\t\t\t\t<div class=\"elementor-element elementor-element-89c06f5 elementor-widget elementor-widget-text-editor\" data-id=\"89c06f5\" data-element_type=\"widget\" data-e-type=\"widget\" data-widget_type=\"text-editor.default\">\n\t\t\t\t<div class=\"elementor-widget-container\">\n\t\t\t\t\t\t\t\t\t<p class=\"paragraph_style\">Begonnen hat es 1987 mit einer Super-8-Kamera von Beaulieu und der Arbeit an verschiedenen Kurzfilmen, die in einem todernsten Science-Fiction-Gro\u00dfwerk, das auf dem Mars spielt, <a href=\"https:\/\/www.youtube.com\/watch?v=p4qu2sAJVds\" target=\"_blank\" rel=\"noopener\">kulminierte<\/a>.\u00a0<\/p><p class=\"paragraph_style\">W\u00e4hrend der 1990er arbeitete ich haupts\u00e4chlich als Regieassistent (u.a. f\u00fcr Martin Enlen, Hermine Huntgeburth), drehte und fotografierte Dokumentationen. In die Regie wechselte ich 1999 und arbeite seither als Regisseur f\u00fcr&#8217;s Fernsehen (und freue mich \u00fcber eine Nominierung f\u00fcr den Deutschen Fernsehpreis (2013, Hubert und Staller)).<\/p><p class=\"paragraph_style_1\"><a class=\"style_1\" title=\"Projekte.html\" href=\"https:\/\/www.wernersiebert.de\/?page_id=46\">Hier<\/a> ist meine Filmographie zu finden. Eine Auswahl meiner (Schauspieler:innen-)Portraits gibt es hier: <a href=\"https:\/\/wernersiebert.com\" target=\"_blank\" rel=\"noopener\">wernersiebert.com<\/a><\/p><p class=\"paragraph_style_1\">Den\u00a0<a href=\"http:\/\/regieverband.de\" target=\"_blank\" rel=\"noopener\">BVR<\/a>\u00a0unterst\u00fctze ich als\u00a0Mitglied seit 1996.<\/p><p><a href=\"http:\/\/instagram.com\/wernerfilmt\">Instagram<\/a>\u00a0 + <a href=\"https:\/\/instagram.com\/wernerfotos\">Fotogram<\/a><\/p>\t\t\t\t\t\t\t\t<\/div>\n\t\t\t\t<\/div>\n\t\t\t\t\t<\/div>\n\t\t<\/div>\n\t\t\t\t<div class=\"elementor-column elementor-col-50 elementor-inner-column elementor-element elementor-element-4b6180c\" data-id=\"4b6180c\" data-element_type=\"column\" data-e-type=\"column\">\n\t\t\t<div class=\"elementor-widget-wrap elementor-element-populated\">\n\t\t\t\t\t\t<div class=\"elementor-element elementor-element-c321f8d elementor-widget elementor-widget-image\" data-id=\"c321f8d\" data-element_type=\"widget\" data-e-type=\"widget\" data-widget_type=\"image.default\">\n\t\t\t\t<div class=\"elementor-widget-container\">\n\t\t\t\t\t\t\t\t\t\t\t\t\t\t\t\t<a href=\"https:\/\/www.wernersiebert.de\/wp-content\/uploads\/2024\/07\/Werner-energetic-24.jpg\" data-elementor-open-lightbox=\"yes\" data-elementor-lightbox-title=\"(C) W.SIEBERT\" data-e-action-hash=\"#elementor-action%3Aaction%3Dlightbox%26settings%3DeyJpZCI6MTU3MCwidXJsIjoiaHR0cHM6XC9cL3d3dy53ZXJuZXJzaWViZXJ0LmRlXC93cC1jb250ZW50XC91cGxvYWRzXC8yMDI0XC8wN1wvV2VybmVyLWVuZXJnZXRpYy0yNC5qcGcifQ%3D%3D\">\n\t\t\t\t\t\t\t<img fetchpriority=\"high\" decoding=\"async\" width=\"300\" height=\"300\" src=\"https:\/\/www.wernersiebert.de\/wp-content\/uploads\/2024\/07\/Werner-energetic-24-300x300.jpg\" class=\"attachment-medium size-medium wp-image-1570\" alt=\"\" srcset=\"https:\/\/www.wernersiebert.de\/wp-content\/uploads\/2024\/07\/Werner-energetic-24-300x300.jpg 300w, https:\/\/www.wernersiebert.de\/wp-content\/uploads\/2024\/07\/Werner-energetic-24-1024x1024.jpg 1024w, https:\/\/www.wernersiebert.de\/wp-content\/uploads\/2024\/07\/Werner-energetic-24-150x150.jpg 150w, https:\/\/www.wernersiebert.de\/wp-content\/uploads\/2024\/07\/Werner-energetic-24-768x768.jpg 768w, https:\/\/www.wernersiebert.de\/wp-content\/uploads\/2024\/07\/Werner-energetic-24.jpg 1044w\" sizes=\"(max-width: 300px) 100vw, 300px\" \/>\t\t\t\t\t\t\t\t<\/a>\n\t\t\t\t\t\t\t\t\t\t\t\t\t\t\t<\/div>\n\t\t\t\t<\/div>\n\t\t\t\t\t<\/div>\n\t\t<\/div>\n\t\t\t\t\t<\/div>\n\t\t<\/section>\n\t\t\t\t<div class=\"elementor-element elementor-element-0fba834 elementor-widget-divider--view-line elementor-widget elementor-widget-divider\" data-id=\"0fba834\" data-element_type=\"widget\" data-e-type=\"widget\" data-widget_type=\"divider.default\">\n\t\t\t\t<div class=\"elementor-widget-container\">\n\t\t\t\t\t\t\t<div class=\"elementor-divider\">\n\t\t\t<span class=\"elementor-divider-separator\">\n\t\t\t\t\t\t<\/span>\n\t\t<\/div>\n\t\t\t\t\t\t<\/div>\n\t\t\t\t<\/div>\n\t\t\t\t\t<\/div>\n\t\t<\/div>\n\t\t\t\t\t<\/div>\n\t\t<\/section>\n\t\t\t\t<section class=\"elementor-section elementor-top-section elementor-element elementor-element-dcdc939 elementor-section-boxed elementor-section-height-default elementor-section-height-default\" data-id=\"dcdc939\" data-element_type=\"section\" data-e-type=\"section\">\n\t\t\t\t\t\t<div class=\"elementor-container elementor-column-gap-default\">\n\t\t\t\t\t<div class=\"elementor-column elementor-col-100 elementor-top-column elementor-element elementor-element-b34d430\" data-id=\"b34d430\" data-element_type=\"column\" data-e-type=\"column\">\n\t\t\t<div class=\"elementor-widget-wrap elementor-element-populated\">\n\t\t\t\t\t\t<section class=\"elementor-section elementor-inner-section elementor-element elementor-element-672febf elementor-section-full_width elementor-section-height-default elementor-section-height-default\" data-id=\"672febf\" data-element_type=\"section\" data-e-type=\"section\">\n\t\t\t\t\t\t<div class=\"elementor-container elementor-column-gap-wide\">\n\t\t\t\t\t<div class=\"elementor-column elementor-col-50 elementor-inner-column elementor-element elementor-element-22e582e\" data-id=\"22e582e\" data-element_type=\"column\" data-e-type=\"column\">\n\t\t\t<div class=\"elementor-widget-wrap elementor-element-populated\">\n\t\t\t\t\t\t<div class=\"elementor-element elementor-element-ceed3b8 elementor-widget elementor-widget-text-editor\" data-id=\"ceed3b8\" data-element_type=\"widget\" data-e-type=\"widget\" data-widget_type=\"text-editor.default\">\n\t\t\t\t<div class=\"elementor-widget-container\">\n\t\t\t\t\t\t\t\t\t<p class=\"paragraph_style\">Datenschutzerkl\u00e4rung<\/p><p class=\"paragraph_style_1\">Diese Internetseite(n) sind in WordPress erstellt. Es gibt ein paar Fotos und eingebettete Vimeo- bzw. Youtube-Videos. Klickst Du das Video oder einen der Links (z.B. in Richtung Instagram) an, kann man davon ausgehen, dass Vimeo bzw. Google und die (laut Guardian) <em>Social Media Disgraces<\/em> aufzeichnen, von wo, also von welcher IP-Adresse aus, geklickt wurde.<\/p><p class=\"paragraph_style_1\">Bei mir werden keine Cookies gespeichert, wer will denn so etwas, die werden gebacken und dann gegessen, es wird also nix geloggt, keine Daten von Dir, liebe*r Nutzer*in, abgegriffen und irgendwie behalten. Wer das liest, tut das anonym und ich lese nicht zur\u00fcck.<\/p>\t\t\t\t\t\t\t\t<\/div>\n\t\t\t\t<\/div>\n\t\t\t\t\t<\/div>\n\t\t<\/div>\n\t\t\t\t<div class=\"elementor-column elementor-col-50 elementor-inner-column elementor-element elementor-element-23ea5cf\" data-id=\"23ea5cf\" data-element_type=\"column\" data-e-type=\"column\">\n\t\t\t<div class=\"elementor-widget-wrap elementor-element-populated\">\n\t\t\t\t\t\t<div class=\"elementor-element elementor-element-e30a3ae elementor-widget elementor-widget-text-editor\" data-id=\"e30a3ae\" data-element_type=\"widget\" data-e-type=\"widget\" data-widget_type=\"text-editor.default\">\n\t\t\t\t<div class=\"elementor-widget-container\">\n\t\t\t\t\t\t\t\t\t<p>Impressum:<br \/>Werner Siebert<br \/>M\u00fcnchen<\/p><p style=\"text-align: right;\"><a href=\"https:\/\/www.crew-united.com\/de\/Werner-Siebert_31.html\" target=\"_blank\" rel=\"noopener\">Mein Profil bei Crew United<\/a><\/p><p style=\"text-align: right;\">inhaltlich Verantwortlicher gem\u00e4\u00df \u00a7 6 MDStV: \u00a0Werner Siebert<\/p><p style=\"text-align: right;\">Haftungshinweis: Trotz sorgf\u00e4ltiger inhaltlicher Kontrolle \u00a0\u00fcbernehme ich keine Haftung f\u00fcr die Inhalte externer Links.\u00a0F\u00fcr den Inhalt der verlinkten Seiten sind ausschlie\u00dflich deren Betreiber verantwortlich.<\/p><p style=\"text-align: right;\">Fotos, die nicht von mir sind, sind von Christian Rieger, <a href=\"http:\/\/bojanritan.com\" target=\"_blank\" rel=\"noopener\">Bojan Ritan<\/a>, <a href=\"http:\/\/sabine-berchter.de\" target=\"_blank\" rel=\"noopener\">Sabine Berchter<\/a>, <a href=\"https:\/\/der-beste-ton.de\" target=\"_blank\" rel=\"noopener\">Quirin B\u00f6hm<\/a>, Flo Bschorr (Baryshnikov-Video),\u00a0<a href=\"https:\/\/ludwig-franz.com\" target=\"_blank\" rel=\"noopener\">Wiggerl Franz<\/a>\u00a0und <a href=\"https:\/\/instagram.com\/rickostermann?igshid=YmMyMTA2M2Y=\" target=\"_blank\" rel=\"noopener\">Rick Ostermann<\/a>. Vielen Dank Euch!<br \/>Stand 8. April 2026 @ 09:34<\/p>\t\t\t\t\t\t\t\t<\/div>\n\t\t\t\t<\/div>\n\t\t\t\t\t<\/div>\n\t\t<\/div>\n\t\t\t\t\t<\/div>\n\t\t<\/section>\n\t\t\t\t\t<\/div>\n\t\t<\/div>\n\t\t\t\t\t<\/div>\n\t\t<\/section>\n\t\t\t\t<\/div>\n\t\t","protected":false},"excerpt":{"rendered":"<p>Begonnen hat es 1987 mit einer Super-8-Kamera von Beaulieu und der Arbeit an verschiedenen Kurzfilmen, die in einem todernsten Science-Fiction-Gro\u00dfwerk, das auf dem Mars spielt, kulminierte.\u00a0 W\u00e4hrend der 1990er arbeitete ich haupts\u00e4chlich als Regieassistent (u.a. f\u00fcr Martin Enlen, Hermine Huntgeburth), drehte und fotografierte Dokumentationen. In die Regie wechselte ich 1999 und arbeite seither als Regisseur [&hellip;]<\/p>\n","protected":false},"author":1,"featured_media":0,"parent":0,"menu_order":0,"comment_status":"closed","ping_status":"closed","template":"","meta":{"_lmt_disableupdate":"no","_lmt_disable":"","footnotes":""},"class_list":["post-7","page","type-page","status-publish","hentry"],"blocksy_meta":{"styles_descriptor":{"styles":{"desktop":"","tablet":"","mobile":""},"google_fonts":[],"version":6}},"_links":{"self":[{"href":"https:\/\/www.wernersiebert.de\/index.php?rest_route=\/wp\/v2\/pages\/7","targetHints":{"allow":["GET"]}}],"collection":[{"href":"https:\/\/www.wernersiebert.de\/index.php?rest_route=\/wp\/v2\/pages"}],"about":[{"href":"https:\/\/www.wernersiebert.de\/index.php?rest_route=\/wp\/v2\/types\/page"}],"author":[{"embeddable":true,"href":"https:\/\/www.wernersiebert.de\/index.php?rest_route=\/wp\/v2\/users\/1"}],"replies":[{"embeddable":true,"href":"https:\/\/www.wernersiebert.de\/index.php?rest_route=%2Fwp%2Fv2%2Fcomments&post=7"}],"version-history":[{"count":204,"href":"https:\/\/www.wernersiebert.de\/index.php?rest_route=\/wp\/v2\/pages\/7\/revisions"}],"predecessor-version":[{"id":1812,"href":"https:\/\/www.wernersiebert.de\/index.php?rest_route=\/wp\/v2\/pages\/7\/revisions\/1812"}],"wp:attachment":[{"href":"https:\/\/www.wernersiebert.de\/index.php?rest_route=%2Fwp%2Fv2%2Fmedia&parent=7"}],"curies":[{"name":"wp","href":"https:\/\/api.w.org\/{rel}","templated":true}]}}