{"id":184,"date":"2021-03-22T12:51:22","date_gmt":"2021-03-22T12:51:22","guid":{"rendered":"https:\/\/test.wernersiebert.de\/?page_id=184"},"modified":"2025-11-14T15:08:01","modified_gmt":"2025-11-14T14:08:01","slug":"episoden","status":"publish","type":"page","link":"https:\/\/www.wernersiebert.de\/?page_id=184","title":{"rendered":"Episoden"},"content":{"rendered":"\t\t<div data-elementor-type=\"wp-page\" data-elementor-id=\"184\" class=\"elementor elementor-184\">\n\t\t\t\t\t\t<section class=\"elementor-section elementor-top-section elementor-element elementor-element-dc350e2 elementor-section-boxed elementor-section-height-default elementor-section-height-default\" data-id=\"dc350e2\" data-element_type=\"section\" data-e-type=\"section\">\n\t\t\t\t\t\t<div class=\"elementor-container elementor-column-gap-default\">\n\t\t\t\t\t<div class=\"elementor-column elementor-col-100 elementor-top-column elementor-element elementor-element-59ab67a\" data-id=\"59ab67a\" data-element_type=\"column\" data-e-type=\"column\">\n\t\t\t<div class=\"elementor-widget-wrap elementor-element-populated\">\n\t\t\t\t\t\t<div class=\"elementor-element elementor-element-f4f8361 elementor-widget elementor-widget-heading\" data-id=\"f4f8361\" data-element_type=\"widget\" data-e-type=\"widget\" data-widget_type=\"heading.default\">\n\t\t\t\t<div class=\"elementor-widget-container\">\n\t\t\t\t\t<h3 class=\"elementor-heading-title elementor-size-default\">Episoden<\/h3>\t\t\t\t<\/div>\n\t\t\t\t<\/div>\n\t\t\t\t\t<\/div>\n\t\t<\/div>\n\t\t\t\t\t<\/div>\n\t\t<\/section>\n\t\t\t\t<section class=\"elementor-section elementor-top-section elementor-element elementor-element-cd9be38 ct-section-stretched elementor-section-boxed elementor-section-height-default elementor-section-height-default\" data-id=\"cd9be38\" data-element_type=\"section\" data-e-type=\"section\">\n\t\t\t\t\t\t<div class=\"elementor-container elementor-column-gap-default\">\n\t\t\t\t\t<div class=\"elementor-column elementor-col-100 elementor-top-column elementor-element elementor-element-5356a9d\" data-id=\"5356a9d\" data-element_type=\"column\" data-e-type=\"column\">\n\t\t\t<div class=\"elementor-widget-wrap elementor-element-populated\">\n\t\t\t\t\t\t<div class=\"elementor-element elementor-element-54b2fb4 elementor-widget elementor-widget-image\" data-id=\"54b2fb4\" data-element_type=\"widget\" data-e-type=\"widget\" data-widget_type=\"image.default\">\n\t\t\t\t<div class=\"elementor-widget-container\">\n\t\t\t\t\t\t\t\t\t\t\t\t\t\t\t<img fetchpriority=\"high\" decoding=\"async\" width=\"768\" height=\"407\" src=\"https:\/\/www.wernersiebert.de\/wp-content\/uploads\/2021\/03\/Rocops-Kran-Taubenberg-768x407.jpg\" class=\"attachment-medium_large size-medium_large wp-image-199\" alt=\"\" srcset=\"https:\/\/www.wernersiebert.de\/wp-content\/uploads\/2021\/03\/Rocops-Kran-Taubenberg-768x407.jpg 768w, https:\/\/www.wernersiebert.de\/wp-content\/uploads\/2021\/03\/Rocops-Kran-Taubenberg-300x159.jpg 300w, https:\/\/www.wernersiebert.de\/wp-content\/uploads\/2021\/03\/Rocops-Kran-Taubenberg.jpg 901w\" sizes=\"(max-width: 768px) 100vw, 768px\" \/>\t\t\t\t\t\t\t\t\t\t\t\t\t\t\t<\/div>\n\t\t\t\t<\/div>\n\t\t\t\t\t<\/div>\n\t\t<\/div>\n\t\t\t\t\t<\/div>\n\t\t<\/section>\n\t\t\t\t<section class=\"elementor-section elementor-top-section elementor-element elementor-element-233c141 elementor-section-boxed elementor-section-height-default elementor-section-height-default\" data-id=\"233c141\" data-element_type=\"section\" data-e-type=\"section\">\n\t\t\t\t\t\t<div class=\"elementor-container elementor-column-gap-default\">\n\t\t\t\t\t<div class=\"elementor-column elementor-col-50 elementor-top-column elementor-element elementor-element-b9b3fc3\" data-id=\"b9b3fc3\" data-element_type=\"column\" data-e-type=\"column\">\n\t\t\t<div class=\"elementor-widget-wrap elementor-element-populated\">\n\t\t\t\t\t\t<div class=\"elementor-element elementor-element-860d66a elementor-widget elementor-widget-text-editor\" data-id=\"860d66a\" data-element_type=\"widget\" data-e-type=\"widget\" data-widget_type=\"text-editor.default\">\n\t\t\t\t<div class=\"elementor-widget-container\">\n\t\t\t\t\t\t\t\t\t<p><span style=\"color: #ff6600;\"><strong>Folgen<br \/>(orange Titel: Links zu den Filmen)<\/strong><\/span><\/p><p><span style=\"color: #000080;\"><span style=\"color: #1c541c;\">Hubert ohne Staller<br \/><\/span><\/span>Eine Frau f\u00fcr gewisse Stunden (2022\/23) &#8211; <a href=\"https:\/\/www.daserste.de\/unterhaltung\/serie\/hubert-ohne-staller\/sendung\/folge-165-112.html\">Erstausstrahlung 01.11.23 ARD (leider nur noch Standfotos)<\/a><br \/>Tod auf Rezept (2022\/23) &#8211; Erstausstrahlung 08.11.23 ARD<br \/>Die verschwundene Leiche (2022\/23) &#8211; Erstausstrahlung 15.11.23 ARD<br \/>Anleitung zum Gl\u00fccklichsein (2022\/23)<br \/>Gest\u00e4ndnis aus der Zukunft (2023\/24)<br \/>Hahn im Korb (2023\/24)<br \/>Zu den Sternen (2023\/24)<br \/>Killerrisotto (2023\/24)<br \/>Der Herr der sieben Zahlen (2024\/25)<br \/>\u00dcber den D\u00e4chern von Wolfratshausen (2024\/25)<br \/>Tote Zeugen singen nicht (2024\/25)<br \/>Sterbe lieber nachhaltig (2024\/25)<\/p><p><span style=\"color: #000080;\">Wapo Bodensee<\/span><br \/>Rien ne va plus (2020)<br \/><strong><a href=\"https:\/\/vimeo.com\/388000737\" target=\"_blank\" rel=\"noopener\">Gef\u00e4hrliche Tr\u00e4ume (2020)<\/a><\/strong><br \/>Geraubte Zukunft (2020)<br \/><strong><a href=\"https:\/\/vimeo.com\/476179789\" target=\"_blank\" rel=\"noopener\">Go for Gold (2020)<\/a><\/strong><\/p><p><span style=\"color: #800000;\">Die Rosenheim-Cops<\/span> <br \/>Tod im K\u00fchlraum (2010)<br \/>Aller Laster Anfang&#8230; (2010)<br \/>Der Schl\u00fcssel zum Tod (2010)<br \/>Mord ist aller Laster Anfang (2011)<br \/>Mozarts R\u00fcckkehr (2011)<br \/>Die letzte Fahrstunde (2011)<br \/>Ein ehrenwertes Haus (2011)<br \/>Der Schlaf des Ger\u00e4chten (2011)<br \/>Alles Schwindel (2011)<br \/>Teufel in Wei\u00df (2011)<br \/>Sport ist Mord (2011)<br \/>Ein Fall von Blattschuss (2011)<br \/>Die Ratsherren von Rosenheim (2011)<br \/><strong><a href=\"https:\/\/vimeo.com\/225084332\" target=\"_blank\" rel=\"noopener\">Jagd auf Watzmann (2012)<\/a><\/strong><br \/>Tod im Schrebergarten (2012)<br \/>Die Reisen des Herrn Stuckenthaler (2015)<br \/>Der gro\u00dfe Unbekannte (2015)<br \/>Der letzte Pfusch (2015)<br \/>Da stimmt was nicht (2016)<br \/>Mit Wasser w\u00e4r&#8216; das nicht passiert (2016)<br \/>Der Letzte seiner Art (2016)<br \/>Vergeigtes Leben (2016)<br \/>Mord im Kletterpark (2016)<br \/>Der letzte Akt (2016)<br \/>Der tote Bote (2017)<br \/><strong><a href=\"https:\/\/vimeo.com\/254042326\">Um die Ecke gedacht (2017)<\/a><\/strong><br \/>Der Star ist tot (2017)<br \/>Rosenheim will hoch hinaus (2017)<br \/>Der tote Fisch (2017)<br \/>Geld ist t\u00f6dlich (2017)<br \/>Ein ganz besonderes Event (2017)<br \/>Alle wollen Stockl (2017)<br \/>Alles neu macht die Mai (2017)<br \/>Tote Hose (2017)<br \/>T\u00f6dliche Rochade (2018)<br \/>Feuer und Flamme (2018)<br \/>Ein bissiger Wolf (2019)<br \/>Beim dritten \u201eOm\u201c bist du tot (2019)<br \/>Drei Schwestern und ein Todesfall (2019)<br \/>Bretter, die die Welt bedeuten (2019)<br \/>Tod im Reisebus (2020)<br \/>Bestohlene Diebe (2020)<br \/>Eine Pleite mit Gewinn (2020)<br \/>Der vertauschte Koffer (2020)<br \/>Der Tote im Gefrierfach (2020)<br \/>Teatime f\u00fcr einen M\u00f6rder (2020)<br \/>Sch\u00f6nheit mit Hindernissen (2021)<br \/>Ein haariger Fall (2021)<br \/>Bei drei ist einer zuviel (2021)<br \/>Nur der Wald war Zeuge (2021)<br \/>Drei Grazien und ein Todesfall (2021)<br \/>Eine Neue f\u00fcr Jo (2021)<br \/>Ein Stern f\u00fcr Michi Mohr (2021)<br \/>Ein Mann f\u00fcrs Leben (2021)<br \/>Ein Unfall mit Folgen (2021)<br \/>Feste feiern, wie sie fallen (2021)<br \/>Mehr Schein als Sein (2021)<br \/>Die entf\u00fchrte Braut (2021)<br \/>Mord im Tennisclub (2021)<br \/>Krieg der Sterne (2022)<br \/>Die 24 Stunden von Rosenheim (2022)<br \/>Stadt, Land, Mord (2022)<br \/>Der Stenz von Rosenheim (2022)<br \/>Tod eines Heimkehrers (2022)<br \/>Eine Absage f\u00fcr alle (2023)<br \/>T\u00f6dliches Wiedersehen (2023)<br \/>Die Neue und der Ex (2023)<br \/>Eine elegante Ausrede (2023)<br \/>Der Stein des Ansto\u00dfes (2023)<br \/>Stadlers Stadlfest (2024)<br \/>Der Mann muss weg (2024)<br \/>Ganz sch\u00f6n vermessen (2024)<br \/>Ein smartes Haus (2024)<br \/>Ein riesiges Problem (2024)<\/p><p><span style=\"color: #008000;\">Hubert und Staller<\/span><br \/><strong><a href=\"https:\/\/www.netflix.com\/watch\/80161950?trackId=255824129\" target=\"_blank\" rel=\"noopener\">Freie Fahrt ins Jenseits (2012)<\/a><\/strong><br \/>(Link zu Netflix with no money for the creator)<br \/>Tod im Schullandheim (2012)<br \/>Finger im Brot (2012)<br \/><strong><a href=\"https:\/\/vimeo.com\/234003657\" target=\"_blank\" rel=\"noopener\">Ab in die Spielerh\u00f6lle (2012)<\/a><\/strong><br \/>Villa \u2013 gekauft wie gesehen (2012)<br \/>Ein Ton zu wenig (2012)<br \/>T\u00f6dlicher Schneefall (2012)<br \/>Der Tod hat 1.000 Stacheln (2013)<br \/>Auf sanften Pfoten kommt der Tod (2013)<br \/>Das Seeungeheuer (2013)<br \/>Dicke Luft (2014)<br \/>Spiel mir das Lied vom Tod (2014)<br \/>Mord nach Art des Hauses (2014)<br \/>Eine todsichere Masche (2014)<br \/>Mordskater (2014)<br \/>Die Radieschen von unten (2015)<br \/>Fit in den Tod (2015)<br \/>Tod an Loch 6 (2015)<br \/>Das Haus am Moor (2015)<\/p><p><span style=\"color: #800080;\">Soko 5113<\/span><br \/>Inas R\u00fcckkehr (2005)<br \/>Ein ordentliches Haus (2005)<br \/>Applaus f\u00fcr einen Toten (2005)<br \/>Gegen die Zeit (2006)<br \/>Aus Verzweiflung (2006)<br \/>T\u00f6dlicher Belcanto (2006)<br \/>Du sollst nicht t\u00f6ten (2006)<br \/>Wei\u00dfw\u00fcrste f\u00fcr Romeo (2006)<br \/>Ein besseres Leben (2006)<br \/>Das kleine Biest (2006)<br \/>Das Schwert des Samurai (2006)<br \/>High Society (2007)<br \/>Tod nach Dienstschluss (2007)<br \/>Ein Leben f\u00fcr die Kunst (2007)<br \/>Verh\u00e4ngnis (2007)<br \/><strong><a href=\"https:\/\/www.youtube.com\/watch?v=IjwGzaMV2_A\" target=\"_blank\" rel=\"noopener\">Domino (2007)<\/a><\/strong><br \/>Am Abgrund (2007)<br \/>Unter Verdacht (2007)<br \/>Die Greifer (2007)<br \/>Schwelbrand (2008)<br \/>Hilflos (2008)<br \/>Tod auf Zehenspitzen (2008)<br \/>Ein schmutziges Gesch\u00e4ft (2009)<\/p><p><span style=\"color: #000080;\">Soko K\u00f6ln<\/span><br \/>Amnesie (2006)<br \/><strong><a href=\"https:\/\/vimeo.com\/288885649\" target=\"_blank\" rel=\"noopener\">Bei Gutachten Mord (2006)<\/a><\/strong><br \/>Dicker als Wasser (2007)<br \/>Bethmanns Fall (2007)<br \/>Mord nach Lehrplan (2007)<\/p><p><span style=\"color: #00ccff;\">Weissblaue Geschichten<\/span><br \/>Ein Haus zum Verlieben<br \/><strong><a href=\"https:\/\/vimeo.com\/309128219\" target=\"_blank\" rel=\"noopener\">Einladung mit Hindernissen<\/a><\/strong><br \/>Wenn einer eine Reise tut<br \/>Ein ganz besonderer Empfang<br \/>Rendezvous wider Willen<br \/>Liebe geht durch den Magen<br \/>Kleider machen Leute<\/p>\t\t\t\t\t\t\t\t<\/div>\n\t\t\t\t<\/div>\n\t\t\t\t\t<\/div>\n\t\t<\/div>\n\t\t\t\t<div class=\"elementor-column elementor-col-50 elementor-top-column elementor-element elementor-element-9c031d5\" data-id=\"9c031d5\" data-element_type=\"column\" data-e-type=\"column\">\n\t\t\t<div class=\"elementor-widget-wrap\">\n\t\t\t\t\t\t\t<\/div>\n\t\t<\/div>\n\t\t\t\t\t<\/div>\n\t\t<\/section>\n\t\t\t\t<\/div>\n\t\t","protected":false},"excerpt":{"rendered":"<p>Episoden Folgen(orange Titel: Links zu den Filmen) Hubert ohne StallerEine Frau f\u00fcr gewisse Stunden (2022\/23) &#8211; Erstausstrahlung 01.11.23 ARD (leider nur noch Standfotos)Tod auf Rezept (2022\/23) &#8211; Erstausstrahlung 08.11.23 ARDDie verschwundene Leiche (2022\/23) &#8211; Erstausstrahlung 15.11.23 ARDAnleitung zum Gl\u00fccklichsein (2022\/23)Gest\u00e4ndnis aus der Zukunft (2023\/24)Hahn im Korb (2023\/24)Zu den Sternen (2023\/24)Killerrisotto (2023\/24)Der Herr der sieben Zahlen [&hellip;]<\/p>\n","protected":false},"author":1,"featured_media":0,"parent":0,"menu_order":0,"comment_status":"closed","ping_status":"closed","template":"","meta":{"_lmt_disableupdate":"","_lmt_disable":"","footnotes":""},"class_list":["post-184","page","type-page","status-publish","hentry"],"blocksy_meta":{"styles_descriptor":{"styles":{"desktop":"","tablet":"","mobile":""},"google_fonts":[],"version":6}},"_links":{"self":[{"href":"https:\/\/www.wernersiebert.de\/index.php?rest_route=\/wp\/v2\/pages\/184","targetHints":{"allow":["GET"]}}],"collection":[{"href":"https:\/\/www.wernersiebert.de\/index.php?rest_route=\/wp\/v2\/pages"}],"about":[{"href":"https:\/\/www.wernersiebert.de\/index.php?rest_route=\/wp\/v2\/types\/page"}],"author":[{"embeddable":true,"href":"https:\/\/www.wernersiebert.de\/index.php?rest_route=\/wp\/v2\/users\/1"}],"replies":[{"embeddable":true,"href":"https:\/\/www.wernersiebert.de\/index.php?rest_route=%2Fwp%2Fv2%2Fcomments&post=184"}],"version-history":[{"count":172,"href":"https:\/\/www.wernersiebert.de\/index.php?rest_route=\/wp\/v2\/pages\/184\/revisions"}],"predecessor-version":[{"id":1764,"href":"https:\/\/www.wernersiebert.de\/index.php?rest_route=\/wp\/v2\/pages\/184\/revisions\/1764"}],"wp:attachment":[{"href":"https:\/\/www.wernersiebert.de\/index.php?rest_route=%2Fwp%2Fv2%2Fmedia&parent=184"}],"curies":[{"name":"wp","href":"https:\/\/api.w.org\/{rel}","templated":true}]}}