{"id":1402,"date":"2023-08-03T07:36:00","date_gmt":"2023-08-03T07:36:00","guid":{"rendered":"https:\/\/www.wernersiebert.de\/?page_id=1402"},"modified":"2025-11-26T13:41:51","modified_gmt":"2025-11-26T12:41:51","slug":"aktuelles-2","status":"publish","type":"page","link":"https:\/\/www.wernersiebert.de\/?page_id=1402","title":{"rendered":"Aktuelles"},"content":{"rendered":"\t\t<div data-elementor-type=\"wp-page\" data-elementor-id=\"1402\" class=\"elementor elementor-1402\">\n\t\t\t\t\t\t<section class=\"elementor-section elementor-top-section elementor-element elementor-element-becd3dd elementor-section-boxed elementor-section-height-default elementor-section-height-default\" data-id=\"becd3dd\" data-element_type=\"section\" data-e-type=\"section\">\n\t\t\t\t\t\t<div class=\"elementor-container elementor-column-gap-default\">\n\t\t\t\t\t<div class=\"elementor-column elementor-col-100 elementor-top-column elementor-element elementor-element-115db1b\" data-id=\"115db1b\" data-element_type=\"column\" data-e-type=\"column\">\n\t\t\t<div class=\"elementor-widget-wrap\">\n\t\t\t\t\t\t\t<\/div>\n\t\t<\/div>\n\t\t\t\t\t<\/div>\n\t\t<\/section>\n\t\t\t\t<section class=\"elementor-section elementor-top-section elementor-element elementor-element-c4b0cba elementor-section-boxed elementor-section-height-default elementor-section-height-default\" data-id=\"c4b0cba\" data-element_type=\"section\" data-e-type=\"section\">\n\t\t\t\t\t\t<div class=\"elementor-container elementor-column-gap-default\">\n\t\t\t\t\t<div class=\"elementor-column elementor-col-100 elementor-top-column elementor-element elementor-element-01c53a5\" data-id=\"01c53a5\" data-element_type=\"column\" data-e-type=\"column\">\n\t\t\t<div class=\"elementor-widget-wrap elementor-element-populated\">\n\t\t\t\t\t\t<div class=\"elementor-element elementor-element-2707d8e elementor-widget elementor-widget-heading\" data-id=\"2707d8e\" data-element_type=\"widget\" data-e-type=\"widget\" data-widget_type=\"heading.default\">\n\t\t\t\t<div class=\"elementor-widget-container\">\n\t\t\t\t\t<h2 class=\"elementor-heading-title elementor-size-default\">Aktuelles<\/h2>\t\t\t\t<\/div>\n\t\t\t\t<\/div>\n\t\t\t\t<div class=\"elementor-element elementor-element-97a4666 elementor-widget elementor-widget-text-editor\" data-id=\"97a4666\" data-element_type=\"widget\" data-e-type=\"widget\" data-widget_type=\"text-editor.default\">\n\t\t\t\t<div class=\"elementor-widget-container\">\n\t\t\t\t\t\t\t\t\t<p>B\u00dcRO DAHOAM&#8230;<br \/>&#8230;ist nun nichts ungew\u00f6hnliches f\u00fcr eine Regie-Person. In der Stube hockend (wenn ich nicht gerade mit einem Fotoapparat Portraits von Jazzlegenden mache) bastle ich derzeit an meinen Online-Auftritten: Neu bei Insta, weil das Vermischen von Foto- und Filmaktivit\u00e4ten mir auf Dauer nicht taugt <a href=\"https:\/\/instagram.com\/wernerfilmt\">https:\/\/instagram.com\/wernerfilmt\u00a0<\/a> mit Werbung und Infos und und und&#8230;<br \/>Meine sechs Episoden der Rosenheim-Cops, die ich diesen Sommer inszenieren durfte, sind nun komplett fertig &#8211; abgenommen, gemischt und gegradet. Letzteres sehr sch\u00f6n von DOP Sabine Berchter im Wissen, dass das ZDF dieses Grading dann wieder verhunzen wird und die Filme viel zu hell und zu flach ausstrahlt&#8230;\u00a0<br \/>Au\u00dferdem lese ich bereits wieder zwei Drehb\u00fccher und denke kurz vorm Einschlafen an die fantastische Premiere vor 1000 begeisterten Fans&#8230;.<\/p><p><img fetchpriority=\"high\" decoding=\"async\" class=\"alignnone size-medium wp-image-1743\" src=\"https:\/\/www.wernersiebert.de\/wp-content\/uploads\/2025\/11\/Screenshot-2025-08-08-at-02.22.24-PM-300x241.png\" alt=\"\" width=\"300\" height=\"241\" srcset=\"https:\/\/www.wernersiebert.de\/wp-content\/uploads\/2025\/11\/Screenshot-2025-08-08-at-02.22.24-PM-300x241.png 300w, https:\/\/www.wernersiebert.de\/wp-content\/uploads\/2025\/11\/Screenshot-2025-08-08-at-02.22.24-PM-768x616.png 768w, https:\/\/www.wernersiebert.de\/wp-content\/uploads\/2025\/11\/Screenshot-2025-08-08-at-02.22.24-PM.png 882w\" sizes=\"(max-width: 300px) 100vw, 300px\" \/><\/p><p>PREMIERE!! (18.07.25)<br \/>Meine im letzten Jahr gedrehte, superspannende Folge <em>Tote Zeugen singen nicht<\/em> aus der dramatischen Polizeiserie Hubert ohne Staller feiert im Rahmen des <em>19. F\u00dcNF SEEN FILMFESTIVALS<\/em> am 5. August ihre Weltpremiere! Die 1.000 Sitzpl\u00e4tze im Starnberger Open-Air-Kino sind bereits ausverkauft, es gibt jede Menge Stars zum Anfassen(?) und ich bin auch da. Bis dann!<\/p><p><img decoding=\"async\" class=\"alignnone size-medium wp-image-1706\" src=\"https:\/\/www.wernersiebert.de\/wp-content\/uploads\/2025\/07\/Screenshot-2025-07-15-at-09.46.01-PM-197x300.png\" alt=\"\" width=\"197\" height=\"300\" srcset=\"https:\/\/www.wernersiebert.de\/wp-content\/uploads\/2025\/07\/Screenshot-2025-07-15-at-09.46.01-PM-197x300.png 197w, https:\/\/www.wernersiebert.de\/wp-content\/uploads\/2025\/07\/Screenshot-2025-07-15-at-09.46.01-PM-673x1024.png 673w, https:\/\/www.wernersiebert.de\/wp-content\/uploads\/2025\/07\/Screenshot-2025-07-15-at-09.46.01-PM-768x1169.png 768w, https:\/\/www.wernersiebert.de\/wp-content\/uploads\/2025\/07\/Screenshot-2025-07-15-at-09.46.01-PM.png 980w\" sizes=\"(max-width: 197px) 100vw, 197px\" \/><\/p><p>SCHON WIEDER&#8230; (09.06.25)<br \/>&#8230;mittendrin und bereits der zweite Drehabschnitt meiner aktuellen Rosenheim-Cops-Folgen im Gange! In sechs Folgen wird dem Mordhandwerk das selbige gelegt (hoffentlich). Dreh geht noch bis Mitte Juli, dann ab in den k\u00fchlen Schneideraum&#8230;<\/p><p>AND NOW&#8230; (24.08.24)<br \/>&#8230;to something completely different! Oder auch nicht: Seit Neuestem poste ich wieder Bilder auf Instagram und werbe dort f\u00fcr meine andere Leidenschaft, der Portraitfotografie, die ich mittlerweile professionell f\u00fcr SchauspielerInnen anbiete. <br \/>Schau doch mal vorbei, ein paar freie Termine gibt&#8217;s noch: <a href=\"https:\/\/www.instagram.com\/wernerfotos\/\"><strong>https:\/\/www.instagram.com\/wernerfotos\/<\/strong><\/a><\/p><p>TIME FLIES&#8230; (12.05.24)<br \/>&#8230;when you&#8217;re shooting a funny Vorabendserie in Oberbayern und versuchst, dem Regen\/Graupel\/Hagel\/Schnee zu entkommen und st\u00e4ndig die Planung anpassen darfst. Dann irgendwie und mit gemeinsamer Anstrengung klappt es, die Zeit rast und schon steht man wieder kurz vor dem Ende intensiver Dreharbeiten f\u00fcr another bite of Hubert ohne. Sehr lustig wird&#8217;s und spannend! Denn: geballert wird, geflohen und gejagt (mindestens ein wildes Tier) &#8211; mehr verrate ich nicht \ud83d\ude09<\/p><p>HUBERT OHNE STALLER NEU IM ERSTEN (13.10.23)<br \/>Am 1. November geht es los nach langer Durststrecke voller Wiederholungen: Die 12. Staffel Hubert ohne Staffel er\u00f6ffnet mit &#8222;Eine Frau f\u00fcr gewisse Stunden&#8220;. Gedreht im Februar\/M\u00e4rz 2022 begibt sich Sabine Kaiser m\u00f6glicherweise durch ihr Privatleben in Gefahr&#8230; sch\u00f6ne Folge! Daran anschlie\u00dfend zwei weitere Episoden aus meiner Regie und wann meine vierte aus dieser Staffel ausgestrahlt wird, setze ich n\u00e4chste Woche auf die Willkommen-Seite. F\u00fcr die Zukunft noch mal die \u00dcbersicht weiter unten.<\/p><p>ARBEITEN, WO ANDERE URLAUB MACHEN (03.08.23)<br \/>Jetzt freue ich mich sehr darauf, f\u00fcnf brandneue Episoden der Rosenheim-Cops zu drehen! Vorbereitung l\u00e4uft und ab Ende August geht&#8217;s los.<\/p><p>REGEN, REGEN, REGEN UND PL\u00d6TZLICH ABGEDREHT (22.05.23)<br \/>Vier Folgen Hubert ohne Staller sind nach vielerlei wetterbedingten Drehplan-Umstellungen nun gl\u00fccklich im Kasten. Viel mehr kann (darf) ich (noch) nicht sagen, au\u00dfer, dass es wieder viel Spa\u00df gemacht hat und auch dieses Mal vier sehr sch\u00f6ne Folgen voller ernsthafter Ermittlungsarbeit werden. Ach genau: Ab Mitte Oktober gehen alle Filme in der ARD auf Sendung &#8211; wie man h\u00f6rt, in einem Rutsch die vom letzten und von diesem Jahr.<\/p>\t\t\t\t\t\t\t\t<\/div>\n\t\t\t\t<\/div>\n\t\t\t\t<div class=\"elementor-element elementor-element-2c525d2 elementor-widget elementor-widget-image\" data-id=\"2c525d2\" data-element_type=\"widget\" data-e-type=\"widget\" data-widget_type=\"image.default\">\n\t\t\t\t<div class=\"elementor-widget-container\">\n\t\t\t\t\t\t\t\t\t\t\t\t\t\t\t<img decoding=\"async\" width=\"768\" height=\"189\" src=\"https:\/\/www.wernersiebert.de\/wp-content\/uploads\/2023\/10\/Screenshot-2023-10-09-at-04.45.23-PM-768x189.png\" class=\"attachment-medium_large size-medium_large wp-image-1435\" alt=\"\" srcset=\"https:\/\/www.wernersiebert.de\/wp-content\/uploads\/2023\/10\/Screenshot-2023-10-09-at-04.45.23-PM-768x189.png 768w, https:\/\/www.wernersiebert.de\/wp-content\/uploads\/2023\/10\/Screenshot-2023-10-09-at-04.45.23-PM-300x74.png 300w, https:\/\/www.wernersiebert.de\/wp-content\/uploads\/2023\/10\/Screenshot-2023-10-09-at-04.45.23-PM-1024x252.png 1024w, https:\/\/www.wernersiebert.de\/wp-content\/uploads\/2023\/10\/Screenshot-2023-10-09-at-04.45.23-PM.png 1105w\" sizes=\"(max-width: 768px) 100vw, 768px\" \/>\t\t\t\t\t\t\t\t\t\t\t\t\t\t\t<\/div>\n\t\t\t\t<\/div>\n\t\t\t\t<div class=\"elementor-element elementor-element-3848124 elementor-widget elementor-widget-image\" data-id=\"3848124\" data-element_type=\"widget\" data-e-type=\"widget\" data-widget_type=\"image.default\">\n\t\t\t\t<div class=\"elementor-widget-container\">\n\t\t\t\t\t\t\t\t\t\t\t\t\t\t\t<img loading=\"lazy\" decoding=\"async\" width=\"768\" height=\"69\" src=\"https:\/\/www.wernersiebert.de\/wp-content\/uploads\/2023\/11\/Screenshot-2023-11-23-at-04.48.58-PM-768x69.png\" class=\"attachment-medium_large size-medium_large wp-image-1469\" alt=\"\" srcset=\"https:\/\/www.wernersiebert.de\/wp-content\/uploads\/2023\/11\/Screenshot-2023-11-23-at-04.48.58-PM-768x69.png 768w, https:\/\/www.wernersiebert.de\/wp-content\/uploads\/2023\/11\/Screenshot-2023-11-23-at-04.48.58-PM-300x27.png 300w, https:\/\/www.wernersiebert.de\/wp-content\/uploads\/2023\/11\/Screenshot-2023-11-23-at-04.48.58-PM-1024x93.png 1024w, https:\/\/www.wernersiebert.de\/wp-content\/uploads\/2023\/11\/Screenshot-2023-11-23-at-04.48.58-PM.png 1128w\" sizes=\"(max-width: 768px) 100vw, 768px\" \/>\t\t\t\t\t\t\t\t\t\t\t\t\t\t\t<\/div>\n\t\t\t\t<\/div>\n\t\t\t\t\t<\/div>\n\t\t<\/div>\n\t\t\t\t\t<\/div>\n\t\t<\/section>\n\t\t\t\t<\/div>\n\t\t","protected":false},"excerpt":{"rendered":"<p>Aktuelles B\u00dcRO DAHOAM&#8230;&#8230;ist nun nichts ungew\u00f6hnliches f\u00fcr eine Regie-Person. In der Stube hockend (wenn ich nicht gerade mit einem Fotoapparat Portraits von Jazzlegenden mache) bastle ich derzeit an meinen Online-Auftritten: Neu bei Insta, weil das Vermischen von Foto- und Filmaktivit\u00e4ten mir auf Dauer nicht taugt https:\/\/instagram.com\/wernerfilmt\u00a0 mit Werbung und Infos und und und&#8230;Meine sechs Episoden [&hellip;]<\/p>\n","protected":false},"author":1,"featured_media":0,"parent":0,"menu_order":0,"comment_status":"closed","ping_status":"closed","template":"","meta":{"_lmt_disableupdate":"no","_lmt_disable":"","footnotes":""},"class_list":["post-1402","page","type-page","status-publish","hentry"],"blocksy_meta":{"styles_descriptor":{"styles":{"desktop":"","tablet":"","mobile":""},"google_fonts":[],"version":6}},"_links":{"self":[{"href":"https:\/\/www.wernersiebert.de\/index.php?rest_route=\/wp\/v2\/pages\/1402","targetHints":{"allow":["GET"]}}],"collection":[{"href":"https:\/\/www.wernersiebert.de\/index.php?rest_route=\/wp\/v2\/pages"}],"about":[{"href":"https:\/\/www.wernersiebert.de\/index.php?rest_route=\/wp\/v2\/types\/page"}],"author":[{"embeddable":true,"href":"https:\/\/www.wernersiebert.de\/index.php?rest_route=\/wp\/v2\/users\/1"}],"replies":[{"embeddable":true,"href":"https:\/\/www.wernersiebert.de\/index.php?rest_route=%2Fwp%2Fv2%2Fcomments&post=1402"}],"version-history":[{"count":48,"href":"https:\/\/www.wernersiebert.de\/index.php?rest_route=\/wp\/v2\/pages\/1402\/revisions"}],"predecessor-version":[{"id":1772,"href":"https:\/\/www.wernersiebert.de\/index.php?rest_route=\/wp\/v2\/pages\/1402\/revisions\/1772"}],"wp:attachment":[{"href":"https:\/\/www.wernersiebert.de\/index.php?rest_route=%2Fwp%2Fv2%2Fmedia&parent=1402"}],"curies":[{"name":"wp","href":"https:\/\/api.w.org\/{rel}","templated":true}]}}